{"id":108,"date":"2023-09-08T20:21:03","date_gmt":"2023-09-08T23:21:03","guid":{"rendered":"https:\/\/www.artifices.com.br\/wrebello\/?page_id=108"},"modified":"2024-07-09T11:05:15","modified_gmt":"2024-07-09T14:05:15","slug":"entre-em-contato-conosco","status":"publish","type":"page","link":"https:\/\/www.wrebello.adv.br\/index.php\/entre-em-contato-conosco\/","title":{"rendered":"Entre em contato conosco"},"content":{"rendered":"\t\t<div data-elementor-type=\"wp-page\" data-elementor-id=\"108\" class=\"elementor elementor-108\" data-elementor-post-type=\"page\">\n\t\t\t\t\t\t<section class=\"elementor-section elementor-top-section elementor-element elementor-element-42a9d025 elementor-section-boxed elementor-section-height-default elementor-section-height-default\" data-id=\"42a9d025\" data-element_type=\"section\" data-e-type=\"section\">\n\t\t\t\t\t\t<div class=\"elementor-container elementor-column-gap-default\">\n\t\t\t\t\t<div class=\"elementor-column elementor-col-100 elementor-top-column elementor-element elementor-element-148e8b21\" data-id=\"148e8b21\" data-element_type=\"column\" data-e-type=\"column\">\n\t\t\t<div class=\"elementor-widget-wrap elementor-element-populated\">\n\t\t\t\t\t\t<div class=\"elementor-element elementor-element-5b1cf170 elementor-widget elementor-widget-text-editor\" data-id=\"5b1cf170\" data-element_type=\"widget\" data-e-type=\"widget\" data-widget_type=\"text-editor.default\">\n\t\t\t\t<div class=\"elementor-widget-container\">\n\t\t\t\t\t\t\t\t\t<p><\/p>\n<p>Entre em contato conosco para obter mais informa\u00e7\u00f5es sobre nossos servi\u00e7os. Nossos advogados experientes ir\u00e3o tratar cada situa\u00e7\u00e3o individual com a devida aten\u00e7\u00e3o, e prestar um excelente servi\u00e7o de assessoria jur\u00eddica.<\/p>\n<p><\/p>\n<p><\/p>\n<p>\u00a0<\/p>\n<p><\/p>\t\t\t\t\t\t\t\t<\/div>\n\t\t\t\t<\/div>\n\t\t\t\t\t<\/div>\n\t\t<\/div>\n\t\t\t\t\t<\/div>\n\t\t<\/section>\n\t\t\t\t<section class=\"elementor-section elementor-top-section elementor-element elementor-element-5fcf93ee elementor-section-content-middle elementor-section-boxed elementor-section-height-default elementor-section-height-default\" data-id=\"5fcf93ee\" data-element_type=\"section\" data-e-type=\"section\">\n\t\t\t\t\t\t<div class=\"elementor-container elementor-column-gap-no\">\n\t\t\t\t\t<div class=\"elementor-column elementor-col-100 elementor-top-column elementor-element elementor-element-1c9e34fb\" data-id=\"1c9e34fb\" data-element_type=\"column\" data-e-type=\"column\">\n\t\t\t<div class=\"elementor-widget-wrap elementor-element-populated\">\n\t\t\t\t\t\t<section class=\"elementor-section elementor-inner-section elementor-element elementor-element-6e69bb24 elementor-section-content-middle elementor-section-boxed elementor-section-height-default elementor-section-height-default\" data-id=\"6e69bb24\" data-element_type=\"section\" data-e-type=\"section\">\n\t\t\t\t\t\t<div class=\"elementor-container elementor-column-gap-no\">\n\t\t\t\t\t<div class=\"elementor-column elementor-col-50 elementor-inner-column elementor-element elementor-element-7a602f46\" data-id=\"7a602f46\" data-element_type=\"column\" data-e-type=\"column\">\n\t\t\t<div class=\"elementor-widget-wrap elementor-element-populated\">\n\t\t\t\t\t\t<div class=\"elementor-element elementor-element-38f1ed11 elementor-button-align-end elementor-mobile-button-align-center elementor-widget elementor-widget-form\" data-id=\"38f1ed11\" data-element_type=\"widget\" data-e-type=\"widget\" data-settings=\"{&quot;step_next_label&quot;:&quot;Pr\\u00f3ximo&quot;,&quot;step_previous_label&quot;:&quot;Anterior&quot;,&quot;button_width&quot;:&quot;100&quot;,&quot;step_type&quot;:&quot;number_text&quot;,&quot;step_icon_shape&quot;:&quot;circle&quot;}\" data-widget_type=\"form.default\">\n\t\t\t\t<div class=\"elementor-widget-container\">\n\t\t\t\t\t\t\t<form class=\"elementor-form\" method=\"post\" name=\"New Form\" aria-label=\"New Form\">\n\t\t\t<input type=\"hidden\" name=\"post_id\" value=\"108\"\/>\n\t\t\t<input type=\"hidden\" name=\"form_id\" value=\"38f1ed11\"\/>\n\t\t\t<input type=\"hidden\" name=\"referer_title\" value=\"Entre em contato conosco - WRF Advogados\" \/>\n\n\t\t\t\t\t\t\t<input type=\"hidden\" name=\"queried_id\" value=\"108\"\/>\n\t\t\t\n\t\t\t<div class=\"elementor-form-fields-wrapper elementor-labels-\">\n\t\t\t\t\t\t\t\t<div class=\"elementor-field-type-text elementor-field-group elementor-column elementor-field-group-name elementor-col-100 elementor-field-required\">\n\t\t\t\t\t\t\t\t\t\t\t\t<label for=\"form-field-name\" class=\"elementor-field-label elementor-screen-only\">\n\t\t\t\t\t\t\t\tNome\t\t\t\t\t\t\t<\/label>\n\t\t\t\t\t\t\t\t\t\t\t\t\t\t<input size=\"1\" type=\"text\" name=\"form_fields[name]\" id=\"form-field-name\" class=\"elementor-field elementor-size-sm  elementor-field-textual\" placeholder=\"Nome\" required=\"required\">\n\t\t\t\t\t\t\t\t\t\t\t<\/div>\n\t\t\t\t\t\t\t\t<div class=\"elementor-field-type-text elementor-field-group elementor-column elementor-field-group-b26ecb6 elementor-col-50 elementor-field-required\">\n\t\t\t\t\t\t\t\t\t\t\t\t<label for=\"form-field-b26ecb6\" class=\"elementor-field-label elementor-screen-only\">\n\t\t\t\t\t\t\t\tCelular\t\t\t\t\t\t\t<\/label>\n\t\t\t\t\t\t\t\t\t\t\t\t\t\t<input size=\"1\" type=\"text\" name=\"form_fields[b26ecb6]\" id=\"form-field-b26ecb6\" class=\"elementor-field elementor-size-sm  elementor-field-textual\" placeholder=\"Celular\" required=\"required\">\n\t\t\t\t\t\t\t\t\t\t\t<\/div>\n\t\t\t\t\t\t\t\t<div class=\"elementor-field-type-email elementor-field-group elementor-column elementor-field-group-email elementor-col-50 elementor-field-required\">\n\t\t\t\t\t\t\t\t\t\t\t\t<label for=\"form-field-email\" class=\"elementor-field-label elementor-screen-only\">\n\t\t\t\t\t\t\t\tEmail\t\t\t\t\t\t\t<\/label>\n\t\t\t\t\t\t\t\t\t\t\t\t\t\t<input size=\"1\" type=\"email\" name=\"form_fields[email]\" id=\"form-field-email\" class=\"elementor-field elementor-size-sm  elementor-field-textual\" placeholder=\"Email\" required=\"required\">\n\t\t\t\t\t\t\t\t\t\t\t<\/div>\n\t\t\t\t\t\t\t\t<div class=\"elementor-field-type-textarea elementor-field-group elementor-column elementor-field-group-message elementor-col-100\">\n\t\t\t\t\t\t\t\t\t\t\t\t<label for=\"form-field-message\" class=\"elementor-field-label elementor-screen-only\">\n\t\t\t\t\t\t\t\tMensagem\t\t\t\t\t\t\t<\/label>\n\t\t\t\t\t\t<textarea class=\"elementor-field-textual elementor-field  elementor-size-sm\" name=\"form_fields[message]\" id=\"form-field-message\" rows=\"4\" placeholder=\"Mensagem\"><\/textarea>\t\t\t\t<\/div>\n\t\t\t\t\t\t\t\t<div class=\"elementor-field-group elementor-column elementor-field-type-submit elementor-col-100 e-form__buttons\">\n\t\t\t\t\t<button class=\"elementor-button elementor-size-sm\" type=\"submit\">\n\t\t\t\t\t\t<span class=\"elementor-button-content-wrapper\">\n\t\t\t\t\t\t\t\t\t\t\t\t\t\t\t\t\t\t\t\t\t\t<span class=\"elementor-button-text\">Enviar<\/span>\n\t\t\t\t\t\t\t\t\t\t\t\t\t<\/span>\n\t\t\t\t\t<\/button>\n\t\t\t\t<\/div>\n\t\t\t<\/div>\n\t\t<\/form>\n\t\t\t\t\t\t<\/div>\n\t\t\t\t<\/div>\n\t\t\t\t\t<\/div>\n\t\t<\/div>\n\t\t\t\t<div class=\"elementor-column elementor-col-50 elementor-inner-column elementor-element elementor-element-41f20716\" data-id=\"41f20716\" data-element_type=\"column\" data-e-type=\"column\" data-settings=\"{&quot;background_background&quot;:&quot;classic&quot;}\">\n\t\t\t<div class=\"elementor-widget-wrap elementor-element-populated\">\n\t\t\t\t\t\t<div class=\"elementor-element elementor-element-6d3ae487 elementor-view-default elementor-position-block-start elementor-mobile-position-block-start elementor-widget elementor-widget-icon-box\" data-id=\"6d3ae487\" data-element_type=\"widget\" data-e-type=\"widget\" data-widget_type=\"icon-box.default\">\n\t\t\t\t<div class=\"elementor-widget-container\">\n\t\t\t\t\t\t\t<div class=\"elementor-icon-box-wrapper\">\n\n\t\t\t\t\t\t<div class=\"elementor-icon-box-icon\">\n\t\t\t\t<span  class=\"elementor-icon\">\n\t\t\t\t<i aria-hidden=\"true\" class=\"fas fa-phone-alt\"><\/i>\t\t\t\t<\/span>\n\t\t\t<\/div>\n\t\t\t\n\t\t\t\t\t\t<div class=\"elementor-icon-box-content\">\n\n\t\t\t\t\t\t\t\t\t<h3 class=\"elementor-icon-box-title\">\n\t\t\t\t\t\t<span  >\n\t\t\t\t\t\t\t(21) 99986-2931\t\t\t\t\t\t<\/span>\n\t\t\t\t\t<\/h3>\n\t\t\t\t\n\t\t\t\t\n\t\t\t<\/div>\n\t\t\t\n\t\t<\/div>\n\t\t\t\t\t\t<\/div>\n\t\t\t\t<\/div>\n\t\t\t\t<div class=\"elementor-element elementor-element-76e247ce elementor-widget elementor-widget-text-editor\" data-id=\"76e247ce\" data-element_type=\"widget\" data-e-type=\"widget\" data-widget_type=\"text-editor.default\">\n\t\t\t\t<div class=\"elementor-widget-container\">\n\t\t\t\t\t\t\t\t\t<p>Dias \u00fateis de 09h &#8211; 18h.<\/p>\t\t\t\t\t\t\t\t<\/div>\n\t\t\t\t<\/div>\n\t\t\t\t<div class=\"elementor-element elementor-element-5c0736b9 elementor-widget elementor-widget-text-editor\" data-id=\"5c0736b9\" data-element_type=\"widget\" data-e-type=\"widget\" data-widget_type=\"text-editor.default\">\n\t\t\t\t<div class=\"elementor-widget-container\">\n\t\t\t\t\t\t\t\t\t<p><strong>Endere\u00e7o<\/strong> Av. Treze de Maio n\u00ba. 13, sala 1303, Centro, Rio de Janeiro &#8211; RJ. CEP 20.031-901<\/p>\t\t\t\t\t\t\t\t<\/div>\n\t\t\t\t<\/div>\n\t\t\t\t<div class=\"elementor-element elementor-element-2abd6ad elementor-widget elementor-widget-text-editor\" data-id=\"2abd6ad\" data-element_type=\"widget\" data-e-type=\"widget\" data-widget_type=\"text-editor.default\">\n\t\t\t\t<div class=\"elementor-widget-container\">\n\t\t\t\t\t\t\t\t\t<p><strong>Email <\/strong>wrf@wrebello.adv.br<\/p>\t\t\t\t\t\t\t\t<\/div>\n\t\t\t\t<\/div>\n\t\t\t\t\t<\/div>\n\t\t<\/div>\n\t\t\t\t\t<\/div>\n\t\t<\/section>\n\t\t\t\t\t<\/div>\n\t\t<\/div>\n\t\t\t\t\t<\/div>\n\t\t<\/section>\n\t\t\t\t<\/div>\n\t\t","protected":false},"excerpt":{"rendered":"<p>Entre em contato conosco para obter mais informa\u00e7\u00f5es sobre nossos servi\u00e7os. Nossos advogados experientes ir\u00e3o tratar cada situa\u00e7\u00e3o individual com a devida aten\u00e7\u00e3o, e prestar um excelente servi\u00e7o de assessoria jur\u00eddica. \u00a0 (21) 99986-2931 Dias \u00fateis de 09h &#8211; 18h. Endere\u00e7o Av. Treze de Maio n\u00ba. 13, sala 1303, Centro, Rio de Janeiro &#8211; RJ. [&hellip;]<\/p>\n","protected":false},"author":1,"featured_media":0,"parent":0,"menu_order":0,"comment_status":"closed","ping_status":"closed","template":"","meta":{"jetpack_post_was_ever_published":false,"footnotes":""},"class_list":["post-108","page","type-page","status-publish","hentry"],"yoast_head":"<!-- This site is optimized with the Yoast SEO plugin v27.3 - https:\/\/yoast.com\/product\/yoast-seo-wordpress\/ -->\n<title>Entre em contato conosco - WRF Advogados<\/title>\n<meta name=\"robots\" content=\"index, follow, max-snippet:-1, max-image-preview:large, max-video-preview:-1\" \/>\n<link rel=\"canonical\" href=\"https:\/\/www.wrebello.adv.br\/index.php\/entre-em-contato-conosco\/\" \/>\n<meta property=\"og:locale\" content=\"pt_BR\" \/>\n<meta property=\"og:type\" content=\"article\" \/>\n<meta property=\"og:title\" content=\"Entre em contato conosco - WRF Advogados\" \/>\n<meta property=\"og:description\" content=\"Entre em contato conosco para obter mais informa\u00e7\u00f5es sobre nossos servi\u00e7os. Nossos advogados experientes ir\u00e3o tratar cada situa\u00e7\u00e3o individual com a devida aten\u00e7\u00e3o, e prestar um excelente servi\u00e7o de assessoria jur\u00eddica. \u00a0 (21) 99986-2931 Dias \u00fateis de 09h &#8211; 18h. Endere\u00e7o Av. Treze de Maio n\u00ba. 13, sala 1303, Centro, Rio de Janeiro &#8211; RJ. [&hellip;]\" \/>\n<meta property=\"og:url\" content=\"https:\/\/www.wrebello.adv.br\/index.php\/entre-em-contato-conosco\/\" \/>\n<meta property=\"og:site_name\" content=\"WRF Advogados\" \/>\n<meta property=\"article:modified_time\" content=\"2024-07-09T14:05:15+00:00\" \/>\n<meta name=\"twitter:card\" content=\"summary_large_image\" \/>\n<meta name=\"twitter:label1\" content=\"Est. tempo de leitura\" \/>\n\t<meta name=\"twitter:data1\" content=\"1 minuto\" \/>\n<script type=\"application\/ld+json\" class=\"yoast-schema-graph\">{\"@context\":\"https:\\\/\\\/schema.org\",\"@graph\":[{\"@type\":\"WebPage\",\"@id\":\"https:\\\/\\\/www.wrebello.adv.br\\\/index.php\\\/entre-em-contato-conosco\\\/\",\"url\":\"https:\\\/\\\/www.wrebello.adv.br\\\/index.php\\\/entre-em-contato-conosco\\\/\",\"name\":\"Entre em contato conosco - WRF Advogados\",\"isPartOf\":{\"@id\":\"https:\\\/\\\/www.wrebello.adv.br\\\/#website\"},\"datePublished\":\"2023-09-08T23:21:03+00:00\",\"dateModified\":\"2024-07-09T14:05:15+00:00\",\"breadcrumb\":{\"@id\":\"https:\\\/\\\/www.wrebello.adv.br\\\/index.php\\\/entre-em-contato-conosco\\\/#breadcrumb\"},\"inLanguage\":\"pt-BR\",\"potentialAction\":[{\"@type\":\"ReadAction\",\"target\":[\"https:\\\/\\\/www.wrebello.adv.br\\\/index.php\\\/entre-em-contato-conosco\\\/\"]}]},{\"@type\":\"BreadcrumbList\",\"@id\":\"https:\\\/\\\/www.wrebello.adv.br\\\/index.php\\\/entre-em-contato-conosco\\\/#breadcrumb\",\"itemListElement\":[{\"@type\":\"ListItem\",\"position\":1,\"name\":\"In\u00edcio\",\"item\":\"https:\\\/\\\/www.wrebello.adv.br\\\/\"},{\"@type\":\"ListItem\",\"position\":2,\"name\":\"Entre em contato conosco\"}]},{\"@type\":\"WebSite\",\"@id\":\"https:\\\/\\\/www.wrebello.adv.br\\\/#website\",\"url\":\"https:\\\/\\\/www.wrebello.adv.br\\\/\",\"name\":\"WRF Advogados\",\"description\":\"O Escrit\u00f3rio Wanderley Rebello Filho &amp; Advogados tem experi\u00eancia tanto na \u00e1rea contenciosa, quanto na consultiva.\",\"publisher\":{\"@id\":\"https:\\\/\\\/www.wrebello.adv.br\\\/#organization\"},\"potentialAction\":[{\"@type\":\"SearchAction\",\"target\":{\"@type\":\"EntryPoint\",\"urlTemplate\":\"https:\\\/\\\/www.wrebello.adv.br\\\/?s={search_term_string}\"},\"query-input\":{\"@type\":\"PropertyValueSpecification\",\"valueRequired\":true,\"valueName\":\"search_term_string\"}}],\"inLanguage\":\"pt-BR\"},{\"@type\":\"Organization\",\"@id\":\"https:\\\/\\\/www.wrebello.adv.br\\\/#organization\",\"name\":\"WRF Advogados\",\"url\":\"https:\\\/\\\/www.wrebello.adv.br\\\/\",\"logo\":{\"@type\":\"ImageObject\",\"inLanguage\":\"pt-BR\",\"@id\":\"https:\\\/\\\/www.wrebello.adv.br\\\/#\\\/schema\\\/logo\\\/image\\\/\",\"url\":\"https:\\\/\\\/i0.wp.com\\\/www.wrebello.adv.br\\\/wp-content\\\/uploads\\\/2023\\\/08\\\/Logo-WRF.png?fit=971%2C285&ssl=1\",\"contentUrl\":\"https:\\\/\\\/i0.wp.com\\\/www.wrebello.adv.br\\\/wp-content\\\/uploads\\\/2023\\\/08\\\/Logo-WRF.png?fit=971%2C285&ssl=1\",\"width\":971,\"height\":285,\"caption\":\"WRF Advogados\"},\"image\":{\"@id\":\"https:\\\/\\\/www.wrebello.adv.br\\\/#\\\/schema\\\/logo\\\/image\\\/\"}}]}<\/script>\n<!-- \/ Yoast SEO plugin. -->","yoast_head_json":{"title":"Entre em contato conosco - WRF Advogados","robots":{"index":"index","follow":"follow","max-snippet":"max-snippet:-1","max-image-preview":"max-image-preview:large","max-video-preview":"max-video-preview:-1"},"canonical":"https:\/\/www.wrebello.adv.br\/index.php\/entre-em-contato-conosco\/","og_locale":"pt_BR","og_type":"article","og_title":"Entre em contato conosco - WRF Advogados","og_description":"Entre em contato conosco para obter mais informa\u00e7\u00f5es sobre nossos servi\u00e7os. Nossos advogados experientes ir\u00e3o tratar cada situa\u00e7\u00e3o individual com a devida aten\u00e7\u00e3o, e prestar um excelente servi\u00e7o de assessoria jur\u00eddica. \u00a0 (21) 99986-2931 Dias \u00fateis de 09h &#8211; 18h. Endere\u00e7o Av. Treze de Maio n\u00ba. 13, sala 1303, Centro, Rio de Janeiro &#8211; RJ. [&hellip;]","og_url":"https:\/\/www.wrebello.adv.br\/index.php\/entre-em-contato-conosco\/","og_site_name":"WRF Advogados","article_modified_time":"2024-07-09T14:05:15+00:00","twitter_card":"summary_large_image","twitter_misc":{"Est. tempo de leitura":"1 minuto"},"schema":{"@context":"https:\/\/schema.org","@graph":[{"@type":"WebPage","@id":"https:\/\/www.wrebello.adv.br\/index.php\/entre-em-contato-conosco\/","url":"https:\/\/www.wrebello.adv.br\/index.php\/entre-em-contato-conosco\/","name":"Entre em contato conosco - WRF Advogados","isPartOf":{"@id":"https:\/\/www.wrebello.adv.br\/#website"},"datePublished":"2023-09-08T23:21:03+00:00","dateModified":"2024-07-09T14:05:15+00:00","breadcrumb":{"@id":"https:\/\/www.wrebello.adv.br\/index.php\/entre-em-contato-conosco\/#breadcrumb"},"inLanguage":"pt-BR","potentialAction":[{"@type":"ReadAction","target":["https:\/\/www.wrebello.adv.br\/index.php\/entre-em-contato-conosco\/"]}]},{"@type":"BreadcrumbList","@id":"https:\/\/www.wrebello.adv.br\/index.php\/entre-em-contato-conosco\/#breadcrumb","itemListElement":[{"@type":"ListItem","position":1,"name":"In\u00edcio","item":"https:\/\/www.wrebello.adv.br\/"},{"@type":"ListItem","position":2,"name":"Entre em contato conosco"}]},{"@type":"WebSite","@id":"https:\/\/www.wrebello.adv.br\/#website","url":"https:\/\/www.wrebello.adv.br\/","name":"WRF Advogados","description":"O Escrit\u00f3rio Wanderley Rebello Filho &amp; Advogados tem experi\u00eancia tanto na \u00e1rea contenciosa, quanto na consultiva.","publisher":{"@id":"https:\/\/www.wrebello.adv.br\/#organization"},"potentialAction":[{"@type":"SearchAction","target":{"@type":"EntryPoint","urlTemplate":"https:\/\/www.wrebello.adv.br\/?s={search_term_string}"},"query-input":{"@type":"PropertyValueSpecification","valueRequired":true,"valueName":"search_term_string"}}],"inLanguage":"pt-BR"},{"@type":"Organization","@id":"https:\/\/www.wrebello.adv.br\/#organization","name":"WRF Advogados","url":"https:\/\/www.wrebello.adv.br\/","logo":{"@type":"ImageObject","inLanguage":"pt-BR","@id":"https:\/\/www.wrebello.adv.br\/#\/schema\/logo\/image\/","url":"https:\/\/i0.wp.com\/www.wrebello.adv.br\/wp-content\/uploads\/2023\/08\/Logo-WRF.png?fit=971%2C285&ssl=1","contentUrl":"https:\/\/i0.wp.com\/www.wrebello.adv.br\/wp-content\/uploads\/2023\/08\/Logo-WRF.png?fit=971%2C285&ssl=1","width":971,"height":285,"caption":"WRF Advogados"},"image":{"@id":"https:\/\/www.wrebello.adv.br\/#\/schema\/logo\/image\/"}}]}},"jetpack-related-posts":[],"jetpack_sharing_enabled":true,"_links":{"self":[{"href":"https:\/\/www.wrebello.adv.br\/index.php\/wp-json\/wp\/v2\/pages\/108","targetHints":{"allow":["GET"]}}],"collection":[{"href":"https:\/\/www.wrebello.adv.br\/index.php\/wp-json\/wp\/v2\/pages"}],"about":[{"href":"https:\/\/www.wrebello.adv.br\/index.php\/wp-json\/wp\/v2\/types\/page"}],"author":[{"embeddable":true,"href":"https:\/\/www.wrebello.adv.br\/index.php\/wp-json\/wp\/v2\/users\/1"}],"replies":[{"embeddable":true,"href":"https:\/\/www.wrebello.adv.br\/index.php\/wp-json\/wp\/v2\/comments?post=108"}],"version-history":[{"count":19,"href":"https:\/\/www.wrebello.adv.br\/index.php\/wp-json\/wp\/v2\/pages\/108\/revisions"}],"predecessor-version":[{"id":409,"href":"https:\/\/www.wrebello.adv.br\/index.php\/wp-json\/wp\/v2\/pages\/108\/revisions\/409"}],"wp:attachment":[{"href":"https:\/\/www.wrebello.adv.br\/index.php\/wp-json\/wp\/v2\/media?parent=108"}],"curies":[{"name":"wp","href":"https:\/\/api.w.org\/{rel}","templated":true}]}}